{"id":1253,"date":"2018-02-14T09:44:34","date_gmt":"2018-02-14T09:44:34","guid":{"rendered":"https:\/\/elessi.nasatheme.com\/?post_type=product&#038;p=1253"},"modified":"2026-02-05T15:11:20","modified_gmt":"2026-02-05T14:11:20","slug":"colorful-jacket","status":"publish","type":"product","link":"https:\/\/anart.dz\/?product=colorful-jacket","title":{"rendered":"Panier D\u00e9co Porte Personnalis\u00e9 B\u00e9b\u00e9"},"content":{"rendered":"<div class=\"row\">\n<div class=\"large-12 columns margin-bottom-10\">\n<p class=\"text-h5 text-capitalize\">Panier+D\u00e9co Porte Personnalis\u00e9 Pour B\u00e9b\u00e9<br \/>\n<strong>Panier+D\u00e9co Porte Personnalis\u00e9 Pour B\u00e9b\u00e9<\/strong><\/p>\n<\/div>\n<\/div>\n","protected":false},"excerpt":{"rendered":"<p class=\"text-h5 text-capitalize\">Panier+D\u00e9co Porte Personnalis\u00e9 Pour B\u00e9b\u00e9<\/p>\n","protected":false},"featured_media":4329,"comment_status":"open","ping_status":"closed","template":"","meta":[],"product_cat":[205,200],"product_tag":[62,78,117],"class_list":{"0":"post-1253","1":"product","2":"type-product","3":"status-publish","4":"has-post-thumbnail","6":"product_brand-ritacreation","7":"product_cat-205","8":"product_cat-200","9":"product_tag-fashion","10":"product_tag-jacket-men","11":"product_tag-trending","13":"first","14":"instock","15":"featured","16":"shipping-taxable","17":"purchasable","18":"product-type-simple"},"_links":{"self":[{"href":"https:\/\/anart.dz\/index.php?rest_route=\/wp\/v2\/product\/1253","targetHints":{"allow":["GET"]}}],"collection":[{"href":"https:\/\/anart.dz\/index.php?rest_route=\/wp\/v2\/product"}],"about":[{"href":"https:\/\/anart.dz\/index.php?rest_route=\/wp\/v2\/types\/product"}],"replies":[{"embeddable":true,"href":"https:\/\/anart.dz\/index.php?rest_route=%2Fwp%2Fv2%2Fcomments&post=1253"}],"wp:featuredmedia":[{"embeddable":true,"href":"https:\/\/anart.dz\/index.php?rest_route=\/wp\/v2\/media\/4329"}],"wp:attachment":[{"href":"https:\/\/anart.dz\/index.php?rest_route=%2Fwp%2Fv2%2Fmedia&parent=1253"}],"wp:term":[{"taxonomy":"product_cat","embeddable":true,"href":"https:\/\/anart.dz\/index.php?rest_route=%2Fwp%2Fv2%2Fproduct_cat&post=1253"},{"taxonomy":"product_tag","embeddable":true,"href":"https:\/\/anart.dz\/index.php?rest_route=%2Fwp%2Fv2%2Fproduct_tag&post=1253"}],"curies":[{"name":"wp","href":"https:\/\/api.w.org\/{rel}","templated":true}]}}