{"id":1299,"date":"2018-02-14T10:09:37","date_gmt":"2018-02-14T10:09:37","guid":{"rendered":"https:\/\/elessi.nasatheme.com\/?post_type=product&#038;p=1299"},"modified":"2023-10-05T16:16:53","modified_gmt":"2023-10-05T14:16:53","slug":"%d8%b9%d9%84%d8%a8%d8%a9-%d9%85%d8%ac%d9%88%d9%87%d8%b1%d8%a7%d8%aa-%d9%88%d8%aa%d8%b1%d8%aa%d9%8a%d8%a8-%d9%85%d9%88%d8%a7%d8%af-%d8%a7%d9%84%d8%b2%d9%8a%d9%86%d8%a9","status":"publish","type":"product","link":"https:\/\/anart.dz\/?product=%d8%b9%d9%84%d8%a8%d8%a9-%d9%85%d8%ac%d9%88%d9%87%d8%b1%d8%a7%d8%aa-%d9%88%d8%aa%d8%b1%d8%aa%d9%8a%d8%a8-%d9%85%d9%88%d8%a7%d8%af-%d8%a7%d9%84%d8%b2%d9%8a%d9%86%d8%a9","title":{"rendered":"\u0639\u0644\u0628\u0629 \u0645\u062c\u0648\u0647\u0631\u0627\u062a \u0648\u062a\u0631\u062a\u064a\u0628 \u0645\u0648\u0627\u062f \u0627\u0644\u0632\u064a\u0646\u0629"},"content":{"rendered":"<div class=\"row\">\n<div class=\"large-12 columns margin-bottom-10\">\n<p>Duo boite \u00e0 bijoux et rangement de produits de beaut\u00e9, fait \u00e0 la main.<\/p>\n<div class=\"nasa-inner-wrap nasa-pin-wrap nasa-pin-banner-wrap\" data-pin=\"{&quot;nasa_pin_2&quot;:{&quot;0&quot;:{&quot;marker_pin&quot;:&quot;&lt;span class=\\&quot;nasa-marker-icon-bg\\&quot;&gt;&lt;span class=\\&quot;woocommerce-Price-amount amount\\&quot;&gt;&lt;bdi&gt;25,000&nbsp;&lt;span class=\\&quot;woocommerce-Price-currencySymbol\\&quot;&gt;&#x62f;.&#x62c;&lt;\\\/span&gt;&lt;\\\/bdi&gt;&lt;\\\/span&gt;&lt;\\\/span&gt;&quot;,&quot;position&quot;:&quot;nasa-top&quot;,&quot;id_product&quot;:&quot;1299&quot;,&quot;title_product&quot;:&quot;\\u0639\\u0644\\u0628\\u0629 \\u0645\\u062c\\u0648\\u0647\\u0631\\u0627\\u062a \\u0648\\u062a\\u0631\\u062a\\u064a\\u0628 \\u0645\\u0648\\u0627\\u062f \\u0627\\u0644\\u0632\\u064a\\u0646\\u0629&quot;,&quot;link_product&quot;:&quot;https:\\\/\\\/anart.dz\\\/?product=%d8%b9%d9%84%d8%a8%d8%a9-%d9%85%d8%ac%d9%88%d9%87%d8%b1%d8%a7%d8%aa-%d9%88%d8%aa%d8%b1%d8%aa%d9%8a%d8%a8-%d9%85%d9%88%d8%a7%d8%af-%d8%a7%d9%84%d8%b2%d9%8a%d9%86%d8%a9&quot;,&quot;img_product&quot;:&quot;&lt;img width=\\&quot;450\\&quot; height=\\&quot;575\\&quot; src=\\&quot;https:\\\/\\\/anart.dz\\\/wp-content\\\/uploads\\\/2018\\\/02\\\/dX5tA3vEZ25m9QdJPBxsgZfTaXfaPr4a2X9mRspl-450x575.jpg\\&quot; class=\\&quot;attachment-woocommerce_thumbnail size-woocommerce_thumbnail\\&quot; alt=\\&quot;\\u0639\\u0644\\u0628\\u0629 \\u0645\\u062c\\u0648\\u0647\\u0631\\u0627\\u062a \\u0648\\u062a\\u0631\\u062a\\u064a\\u0628 \\u0645\\u0648\\u0627\\u062f \\u0627\\u0644\\u0632\\u064a\\u0646\\u0629\\&quot; srcset=\\&quot;https:\\\/\\\/anart.dz\\\/wp-content\\\/uploads\\\/2018\\\/02\\\/dX5tA3vEZ25m9QdJPBxsgZfTaXfaPr4a2X9mRspl-450x575.jpg 450w, https:\\\/\\\/anart.dz\\\/wp-content\\\/uploads\\\/2018\\\/02\\\/dX5tA3vEZ25m9QdJPBxsgZfTaXfaPr4a2X9mRspl-235x300.jpg 235w, https:\\\/\\\/anart.dz\\\/wp-content\\\/uploads\\\/2018\\\/02\\\/dX5tA3vEZ25m9QdJPBxsgZfTaXfaPr4a2X9mRspl-595x760.jpg 595w, https:\\\/\\\/anart.dz\\\/wp-content\\\/uploads\\\/2018\\\/02\\\/dX5tA3vEZ25m9QdJPBxsgZfTaXfaPr4a2X9mRspl-117x150.jpg 117w, https:\\\/\\\/anart.dz\\\/wp-content\\\/uploads\\\/2018\\\/02\\\/dX5tA3vEZ25m9QdJPBxsgZfTaXfaPr4a2X9mRspl-768x981.jpg 768w, https:\\\/\\\/anart.dz\\\/wp-content\\\/uploads\\\/2018\\\/02\\\/dX5tA3vEZ25m9QdJPBxsgZfTaXfaPr4a2X9mRspl.jpg 939w\\&quot; sizes=\\&quot;(max-width: 450px) 100vw, 450px\\&quot; \\\/&gt;&quot;,&quot;coords&quot;:{&quot;lat&quot;:&quot;874&quot;,&quot;long&quot;:&quot;210.438&quot;}},&quot;canvas&quot;:{&quot;src&quot;:&quot;https:\\\/\\\/anart.dz\\\/wp-content\\\/uploads\\\/2017\\\/01\\\/1920x920.jpg&quot;,&quot;width&quot;:&quot;1920&quot;,&quot;height&quot;:&quot;920&quot;}}}\"><div class=\"hidden-tag nasa-price-pin-1299\"><span class=\"woocommerce-Price-amount amount\"><bdi>25,000.00&nbsp;<span class=\"woocommerce-Price-currencySymbol\">&#x62f;.&#x62c;<\/span><\/bdi><\/span><\/div><span class=\"nasa-wrap-relative-image\"><div data-width=\"1920\" data-height=\"920\" class=\"nasa_pin_pb_image\" data-src=\"https:\/\/anart.dz\/wp-content\/uploads\/2017\/01\/1920x920.jpg\" data-easypin_id=\"nasa_pin_2\" data-alt=\"Product Description\"><\/div><\/span><div style=\"display:none;\" id=\"tpl-nasa_pin_2\" class=\"nasa-easypin-tpl\"><div class=\"nasa-popover-clone\"><div class=\"{[position]}\"><div class=\"nasa-product-pin text-center\"><a title=\"{[title_product]}\" href=\"{[link_product]}\" class=\"pin-product-url\"><h5 class=\"title-wrap\">{[title_product]}<\/h5><\/a><\/div><\/div><\/div><div class=\"nasa-marker-clone\"><div style=\"min-width:40px;height:40px;\"><span class=\"nasa-marker-icon-wrap\">{[marker_pin]}<span class=\"nasa-action-effect\"><\/span><\/span><\/div><\/div><\/div><\/div>\n<\/div>\n<\/div>\n","protected":false},"excerpt":{"rendered":"<p>Duo boite \u00e0 bijoux et rangement de produits de beaut\u00e9, fait \u00e0 la main.<\/p>\n","protected":false},"featured_media":4302,"comment_status":"open","ping_status":"closed","template":"","meta":[],"product_cat":[80],"product_tag":[59,82,117],"class_list":{"0":"post-1299","1":"product","2":"type-product","3":"status-publish","4":"has-post-thumbnail","6":"product_brand-196","7":"product_cat-80","8":"product_tag-coats","9":"product_tag-knit","10":"product_tag-trending","12":"first","13":"instock","14":"featured","15":"shipping-taxable","16":"purchasable","17":"product-type-simple"},"_links":{"self":[{"href":"https:\/\/anart.dz\/index.php?rest_route=\/wp\/v2\/product\/1299","targetHints":{"allow":["GET"]}}],"collection":[{"href":"https:\/\/anart.dz\/index.php?rest_route=\/wp\/v2\/product"}],"about":[{"href":"https:\/\/anart.dz\/index.php?rest_route=\/wp\/v2\/types\/product"}],"replies":[{"embeddable":true,"href":"https:\/\/anart.dz\/index.php?rest_route=%2Fwp%2Fv2%2Fcomments&post=1299"}],"wp:featuredmedia":[{"embeddable":true,"href":"https:\/\/anart.dz\/index.php?rest_route=\/wp\/v2\/media\/4302"}],"wp:attachment":[{"href":"https:\/\/anart.dz\/index.php?rest_route=%2Fwp%2Fv2%2Fmedia&parent=1299"}],"wp:term":[{"taxonomy":"product_cat","embeddable":true,"href":"https:\/\/anart.dz\/index.php?rest_route=%2Fwp%2Fv2%2Fproduct_cat&post=1299"},{"taxonomy":"product_tag","embeddable":true,"href":"https:\/\/anart.dz\/index.php?rest_route=%2Fwp%2Fv2%2Fproduct_tag&post=1299"}],"curies":[{"name":"wp","href":"https:\/\/api.w.org\/{rel}","templated":true}]}}